{"id":3450,"date":"2026-04-05T10:21:30","date_gmt":"2026-04-05T10:21:30","guid":{"rendered":"https:\/\/tuff.hr\/?post_type=product&#038;p=3450"},"modified":"2026-04-28T18:07:24","modified_gmt":"2026-04-28T18:07:24","slug":"hx-1-3-razinska-polica","status":"publish","type":"product","link":"https:\/\/tuff.hr\/hr\/product\/hx-1-3-tier-rack\/","title":{"rendered":"HX-1 3-stupanjski stalak za bu\u010dice"},"content":{"rendered":"<p data-path-to-node=\"11\">Ovaj set dolazi s na\u0161im poznatim <b data-path-to-node=\"11\" data-index-in-node=\"33\">HX-1 Rek<\/b>, dizajniran s jednim jasnim ciljem: sigurno pohraniti <b data-path-to-node=\"11\" data-index-in-node=\"90\">390 kg te\u017eine<\/b> uz zauzimanje apsolutno najmanje mogu\u0107e podne povr\u0161ine.<\/p>\n<ul data-path-to-node=\"12\">\n<li>\n<p style=\"text-align: left;\" data-path-to-node=\"12,0,0\"><b data-path-to-node=\"12,0,0\" data-index-in-node=\"0\">\u0160tedi prostor<\/b> Zahvaljuju\u0107i okomitom trostrukom rasporedu, cijeli set od 12 pari lako stane u uske prostore, odr\u017eavaju\u0107i va\u0161u teretanu urednom. Optimizirajte svoj prostor za trening s ovim kompaktnim stalakom za bu\u010dice, dizajniranim da va\u0161a oprema bude organizirana i lako dostupna. Dimenzija <strong data-start=\"306\" data-end=\"326\">134 \u00d7 56 \u00d7 87 cm<\/strong>, zauzima minimalan prostor od otprilike <strong data-start=\"377\" data-end=\"388\">0,75 m\u00b2<\/strong>, \u0161to ga \u010dini idealnim rje\u0161enjem kako za ku\u0107ne teretane, tako i za profesionalna fitness okru\u017eenja.<\/p>\n<\/li>\n<li>\n<p data-path-to-node=\"12,1,0\"><b data-path-to-node=\"12,1,0\" data-index-in-node=\"0\">Stabilnost i red<\/b> Nema vi\u0161e nereda u prostoru za vje\u017ebanje. Svaka je bu\u010dica na svom odre\u0111enom mjestu, \u010dine\u0107i va\u0161e treninge br\u017eim i fokusiranijim.<\/p>\n<\/li>\n<li>\n<p data-path-to-node=\"12,2,0\"><b data-path-to-node=\"12,2,0\" data-index-in-node=\"0\">Te\u0161ka konstrukcija<\/b> Izra\u0111en od masivnih \u010deli\u010dnih profila, stalak pru\u017ea \u010dvrstu stabilnost bez potrebe za pri\u010dvr\u0161\u0107ivanjem na pod.<\/p>\n<\/li>\n<\/ul>","protected":false},"excerpt":{"rendered":"<p>Zauzimaju\u0107i apsolutno minimalnu podnu povr\u0161inu, a pri tome pohranjuju\u0107i <strong>390 kg.<\/strong><\/p>","protected":false},"featured_media":3445,"comment_status":"open","ping_status":"closed","template":"","meta":{"_acf_changed":false,"_angie_page":false,"advanced_seo_description":"","jetpack_seo_html_title":"","jetpack_seo_noindex":false,"jetpack_publicize_message":"","jetpack_publicize_feature_enabled":true,"jetpack_social_post_already_shared":true,"jetpack_social_options":{"image_generator_settings":{"template":"highway","default_image_id":0,"font":"","enabled":false},"version":2},"_wpas_customize_per_network":false},"product_brand":[],"product_cat":[26],"product_tag":[],"class_list":{"0":"post-3450","1":"product","2":"type-product","3":"status-publish","4":"has-post-thumbnail","6":"product_cat-dumbbell-racks","7":"product_shipping_class-heavy-packages","8":"pa_weight-33kg","10":"first","11":"instock","12":"taxable","13":"shipping-taxable","14":"purchasable","15":"product-type-simple"},"bundled_by":["3443"],"bundle_stock_status":"instock","bundle_stock_quantity":null,"bundle_virtual":false,"bundle_layout":"","bundle_add_to_cart_form_location":"","bundle_editable_in_cart":false,"bundle_sold_individually_context":"","bundle_item_grouping":"","bundle_min_size":"","bundle_max_size":"","bundle_price":[],"bundled_items":[],"bundle_sell_ids":[],"group_of_quantity":0,"min_quantity":1,"max_quantity":"","exclude_order_quantity_value_rules":"no","exclude_category_quantity_rules":"no","combine_variations":"no","exclude_global_add_ons":[],"addons":[],"acf":[],"jetpack_publicize_connections":[],"jetpack_sharing_enabled":true,"jetpack_likes_enabled":true,"_links":{"self":[{"href":"https:\/\/tuff.hr\/hr\/wp-json\/wp\/v2\/product\/3450","targetHints":{"allow":["GET"]}}],"collection":[{"href":"https:\/\/tuff.hr\/hr\/wp-json\/wp\/v2\/product"}],"about":[{"href":"https:\/\/tuff.hr\/hr\/wp-json\/wp\/v2\/types\/product"}],"replies":[{"embeddable":true,"href":"https:\/\/tuff.hr\/hr\/wp-json\/wp\/v2\/comments?post=3450"}],"version-history":[{"count":3,"href":"https:\/\/tuff.hr\/hr\/wp-json\/wp\/v2\/product\/3450\/revisions"}],"predecessor-version":[{"id":4117,"href":"https:\/\/tuff.hr\/hr\/wp-json\/wp\/v2\/product\/3450\/revisions\/4117"}],"wp:featuredmedia":[{"embeddable":true,"href":"https:\/\/tuff.hr\/hr\/wp-json\/wp\/v2\/media\/3445"}],"wp:attachment":[{"href":"https:\/\/tuff.hr\/hr\/wp-json\/wp\/v2\/media?parent=3450"}],"wp:term":[{"taxonomy":"product_brand","embeddable":true,"href":"https:\/\/tuff.hr\/hr\/wp-json\/wp\/v2\/product_brand?post=3450"},{"taxonomy":"product_cat","embeddable":true,"href":"https:\/\/tuff.hr\/hr\/wp-json\/wp\/v2\/product_cat?post=3450"},{"taxonomy":"product_tag","embeddable":true,"href":"https:\/\/tuff.hr\/hr\/wp-json\/wp\/v2\/product_tag?post=3450"}],"curies":[{"name":"wp","href":"https:\/\/api.w.org\/{rel}","templated":true}]}}