{"id":3537,"date":"2026-04-06T20:08:43","date_gmt":"2026-04-06T20:08:43","guid":{"rendered":"https:\/\/tuff.hr\/product\/hexagonal-rubber-dumbbells-5-kg-2-pcs\/"},"modified":"2026-05-03T16:49:30","modified_gmt":"2026-05-03T16:49:30","slug":"sesterokutne-gumirane-bucice-5-kg-2-kom","status":"publish","type":"product","link":"https:\/\/tuff.hr\/hr\/product\/hexagonal-rubber-dumbbells-5-kg-2-pcs\/","title":{"rendered":"HX-1 Profesionalne heksagonalne bu\u010dice 5 kg (2 kom)"},"content":{"rendered":"<p>Do\u017eivite vrhunac treninga snage s TUFF\u00ae HX-1 5 kg heksagonalnom bu\u010dicom. Savr\u0161eno izbalansirana za ciljanu hipertrofiju, vje\u017ebe potiskivanja i veslanja. Ova premium bu\u010dica napravljena je da izdr\u017ei va\u0161e najintenzivnije treninge. Sadr\u017ei \u010dvrstu jezgru od lijevanog \u017eeljeza s preciznom tolerancijom te\u017eine od +\/- 0,1%, osiguravaju\u0107i apsolutnu preciznost u va\u0161em napredovanju. Ergonomska, kromirana dr\u0161ka s umjerenim narezima trajno je pri\u010dvr\u0161\u0107ena na glavu utega naprednom tehnologijom zavarivanja trenjem, jam\u010de\u0107i da se nikada ne\u0107e olabaviti, tresti ili odvojiti. Glava bu\u010dice oblo\u017eena je debelim, visokokvalitetnim gumenim premazom koji \u0161titi podove va\u0161e teretane i smanjuje buku pri padu, dok njezin ravni heksagonalni dizajn protiv kotrljanja pru\u017ea \u010dvrstu stabilnost za pokrete na tlu poput renegade veslanja. Izra\u0111ena za te\u0161ka dizanja i dugotrajnu izdr\u017eljivost.<\/p>\n<p data-path-to-node=\"4\"><b data-path-to-node=\"4\" data-index-in-node=\"0\">Tehni\u010dki detalji:<\/b><\/p>\n<ul data-path-to-node=\"9\">\n<li>\n<p data-path-to-node=\"9,0,0\"><b data-path-to-node=\"9,0,0\" data-index-in-node=\"0\">Lijevano \u017eeljezo<\/b> Za razliku od betonskih ili alternativnih punjenih pijeskom, na\u0161a \u010dvrsta jezgra od lijevanog \u017eeljeza jam\u010di gusto\u0107u, kompaktnu veli\u010dinu i trajnost tijekom cijelog \u017eivotnog vijeka.<\/p>\n<\/li>\n<li>\n<p data-path-to-node=\"9,1,0\"><b data-path-to-node=\"9,1,0\" data-index-in-node=\"0\">Precizna tolerancija te\u017eine<\/b> Konstruiran za preciznost, svaka bu\u010dica ima strogu toleranciju te\u017eine od <b data-path-to-node=\"9,1,0\" data-index-in-node=\"106\">+\/- 0,1%<\/b>, osiguravaju\u0107i da podignete to\u010dno ono \u0161to o\u010dekujete.<\/p>\n<\/li>\n<li>\n<p data-path-to-node=\"9,2,0\"><b data-path-to-node=\"9,2,0\" data-index-in-node=\"0\">Glave varene trenjem<\/b> Povezanost dr\u0161ke i glave od lijevanog \u017eeljeza trajno je osigurana naprednim postupkom zavarivanja trenjem. Ovo u potpunosti eliminira rizik od otpu\u0161tanja, labavljenja ili odvajanja glave tijekom vremena.<\/p>\n<\/li>\n<li>\n<p data-path-to-node=\"9,3,0\"><b data-path-to-node=\"9,3,0\" data-index-in-node=\"0\">Za\u0161titni gumeni premaz<\/b> Svaka glava bu\u010dice presvu\u010dena je debelim, visokokvalitetnim gumiranim premazom koji \u0161titi va\u0161e podove, smanjuje buku prilikom ispu\u0161tanja i produljuje \u017eivotni vijek utega.<\/p>\n<\/li>\n<li>\n<p data-path-to-node=\"9,4,0\"><b data-path-to-node=\"9,4,0\" data-index-in-node=\"0\">Ergonomska kromirana ru\u010dka<\/b> Oblikovana dr\u0161ka ima srednje duboke utore za sigurno, neklizaju\u0107e prianjanje \u010dak i tijekom najintenzivnijih, znojavih treninga. Vrhunska kromirana obloga \u0161titi od hr\u0111e i korozije.<\/p>\n<\/li>\n<li>\n<p data-path-to-node=\"9,5,0\"><b data-path-to-node=\"9,5,0\" data-index-in-node=\"0\">\u0160esterokutni dizajn protiv prevrtanja<\/b> \u0160esterostrani oblik sprje\u010dava bu\u010dice da se opasno kotrljaju po podu, \u010dine\u0107i ih izuzetno stabilnima za vje\u017ebe na tlu poput sklekova ili veslanja u uporu.<\/p>\n<\/li>\n<\/ul>","protected":false},"excerpt":{"rendered":"<p>Savr\u0161eno izbalansirana za ciljanu hipertrofiju, potiskuju\u0107e i veslaju\u0107e vje\u017ebe, ova premium bu\u010dica je napravljena da izdr\u017ei va\u0161e najintenzivnije treninge.<\/p>","protected":false},"featured_media":3545,"comment_status":"open","ping_status":"closed","template":"","meta":{"_acf_changed":false,"_angie_page":false,"advanced_seo_description":"","jetpack_seo_html_title":"","jetpack_seo_noindex":false,"jetpack_publicize_message":"","jetpack_publicize_feature_enabled":true,"jetpack_social_post_already_shared":true,"jetpack_social_options":{"image_generator_settings":{"template":"highway","default_image_id":0,"font":"","enabled":false},"version":2},"_wpas_customize_per_network":false},"product_brand":[28],"product_cat":[25],"product_tag":[],"class_list":{"0":"post-3537","1":"product","2":"type-product","3":"status-publish","4":"has-post-thumbnail","6":"product_brand-tuff","7":"product_cat-dumbbells","8":"pa_weight-5kg","10":"first","11":"instock","12":"taxable","13":"shipping-taxable","14":"purchasable","15":"product-type-simple"},"bundled_by":["3443"],"bundle_stock_status":"instock","bundle_stock_quantity":23,"bundle_virtual":false,"bundle_layout":"","bundle_add_to_cart_form_location":"","bundle_editable_in_cart":false,"bundle_sold_individually_context":"","bundle_item_grouping":"","bundle_min_size":"","bundle_max_size":"","bundle_price":[],"bundled_items":[],"bundle_sell_ids":[],"group_of_quantity":0,"min_quantity":0,"max_quantity":"","exclude_order_quantity_value_rules":"no","exclude_category_quantity_rules":"no","combine_variations":"no","exclude_global_add_ons":[],"addons":[],"acf":[],"jetpack_publicize_connections":[],"jetpack_sharing_enabled":true,"jetpack_likes_enabled":true,"_links":{"self":[{"href":"https:\/\/tuff.hr\/hr\/wp-json\/wp\/v2\/product\/3537","targetHints":{"allow":["GET"]}}],"collection":[{"href":"https:\/\/tuff.hr\/hr\/wp-json\/wp\/v2\/product"}],"about":[{"href":"https:\/\/tuff.hr\/hr\/wp-json\/wp\/v2\/types\/product"}],"replies":[{"embeddable":true,"href":"https:\/\/tuff.hr\/hr\/wp-json\/wp\/v2\/comments?post=3537"}],"version-history":[{"count":4,"href":"https:\/\/tuff.hr\/hr\/wp-json\/wp\/v2\/product\/3537\/revisions"}],"predecessor-version":[{"id":4121,"href":"https:\/\/tuff.hr\/hr\/wp-json\/wp\/v2\/product\/3537\/revisions\/4121"}],"wp:featuredmedia":[{"embeddable":true,"href":"https:\/\/tuff.hr\/hr\/wp-json\/wp\/v2\/media\/3545"}],"wp:attachment":[{"href":"https:\/\/tuff.hr\/hr\/wp-json\/wp\/v2\/media?parent=3537"}],"wp:term":[{"taxonomy":"product_brand","embeddable":true,"href":"https:\/\/tuff.hr\/hr\/wp-json\/wp\/v2\/product_brand?post=3537"},{"taxonomy":"product_cat","embeddable":true,"href":"https:\/\/tuff.hr\/hr\/wp-json\/wp\/v2\/product_cat?post=3537"},{"taxonomy":"product_tag","embeddable":true,"href":"https:\/\/tuff.hr\/hr\/wp-json\/wp\/v2\/product_tag?post=3537"}],"curies":[{"name":"wp","href":"https:\/\/api.w.org\/{rel}","templated":true}]}}